{"id":7560,"date":"2024-03-25T13:51:08","date_gmt":"2024-03-25T12:51:08","guid":{"rendered":"https:\/\/rusticarooms.hr\/?page_id=7560"},"modified":"2024-05-13T13:52:46","modified_gmt":"2024-05-13T11:52:46","slug":"rustica-rooms","status":"publish","type":"page","link":"https:\/\/rusticarooms.hr\/en\/rustica-rooms\/","title":{"rendered":"Rustica ROOMS"},"content":{"rendered":"<div data-elementor-type=\"wp-page\" data-elementor-id=\"7560\" class=\"elementor elementor-7560\">\n\t\t\t\t\t\t<section class=\"elementor-section elementor-top-section elementor-element elementor-element-f3be93c elementor-section-stretched elementor-section-content-middle elementor-section-boxed elementor-section-height-default elementor-section-height-default\" data-id=\"f3be93c\" data-element_type=\"section\" data-settings=\"{&quot;stretch_section&quot;:&quot;section-stretched&quot;,&quot;background_background&quot;:&quot;classic&quot;}\">\n\t\t\t\t\t\t\t<div class=\"elementor-background-overlay\"><\/div>\n\t\t\t\t\t\t\t<div class=\"elementor-container elementor-column-gap-default\">\n\t\t\t\t\t<div class=\"elementor-column elementor-col-100 elementor-top-column elementor-element elementor-element-c50f8ac\" data-id=\"c50f8ac\" data-element_type=\"column\">\n\t\t\t<div class=\"elementor-widget-wrap elementor-element-populated\">\n\t\t\t\t\t\t<div class=\"elementor-element elementor-element-2b2bce58 elementor-widget elementor-widget-heading\" data-id=\"2b2bce58\" data-element_type=\"widget\" data-widget_type=\"heading.default\">\n\t\t\t\t<div class=\"elementor-widget-container\">\n\t\t\t<style>\/*! elementor - v3.20.0 - 26-03-2024 *\/\n.elementor-heading-title{padding:0;margin:0;line-height:1}.elementor-widget-heading .elementor-heading-title[class*=elementor-size-]>a{color:inherit;font-size:inherit;line-height:inherit}.elementor-widget-heading .elementor-heading-title.elementor-size-small{font-size:15px}.elementor-widget-heading .elementor-heading-title.elementor-size-medium{font-size:19px}.elementor-widget-heading .elementor-heading-title.elementor-size-large{font-size:29px}.elementor-widget-heading .elementor-heading-title.elementor-size-xl{font-size:39px}.elementor-widget-heading .elementor-heading-title.elementor-size-xxl{font-size:59px}<\/style><h1 class=\"elementor-heading-title elementor-size-default\">Rustica Rooms<\/h1>\t\t<\/div>\n\t\t\t\t<\/div>\n\t\t\t\t\t<\/div>\n\t\t<\/div>\n\t\t\t\t\t<\/div>\n\t\t<\/section>\n\t\t\t\t<section class=\"elementor-section elementor-top-section elementor-element elementor-element-4320875 elementor-section-stretched elementor-section-boxed elementor-section-height-default elementor-section-height-default\" data-id=\"4320875\" data-element_type=\"section\" data-settings=\"{&quot;stretch_section&quot;:&quot;section-stretched&quot;,&quot;background_background&quot;:&quot;classic&quot;}\">\n\t\t\t\t\t\t\t<div class=\"elementor-background-overlay\"><\/div>\n\t\t\t\t\t\t\t<div class=\"elementor-container elementor-column-gap-default\">\n\t\t\t\t\t<div class=\"elementor-column elementor-col-100 elementor-top-column elementor-element elementor-element-323e9fe\" data-id=\"323e9fe\" data-element_type=\"column\">\n\t\t\t<div class=\"elementor-widget-wrap elementor-element-populated\">\n\t\t\t\t\t\t<div class=\"elementor-element elementor-element-3ca2709 elementor-widget elementor-widget-list\" data-id=\"3ca2709\" data-element_type=\"widget\" data-widget_type=\"list.default\">\n\t\t\t\t<div class=\"elementor-widget-container\">\n\t\t\t\n<div class=\"nd_elements_section nd_elements_list_component\">\n\n\t<div class=\"nd_elements_section nd_elements_position_relative\">\n\n\t\t<img decoding=\"async\" class=\"nd_elements_position_absolute nd_elements_position_initial_iphone nd_elements_top_0 nd_elements_left_0 nd_elements_list_component_image\" src=\"https:\/\/rusticarooms.hr\/wp-content\/uploads\/2021\/11\/DSC05335-HDR.jpg\">\n\n\t\t<div class=\"nd_elements_section nd_elements_list_component_content nd_elements_padding_0_iphone_important\">\n\n\t\t\t\n\t<div class=\"nd_elements_float_left nd_elements_width_100_percentage_iphone_important\" style=\"width:85%\">\n\t\t<h4><span class=\"nd_elements_list_component_title\">ROOM 1 <h4>[STUDIO DELUXE]<\/h4><\/span><\/h4>\n\t<\/div>\n\t\n\t\t\t\n\n\t\t\t<div style=\"height:10px\" class=\"nd_elements_section\"><\/div>\n\n\t\t\t\n\t<div class=\"nd_elements_float_left nd_elements_width_100_percentage_iphone_important\" style=\"width:85%\">\n\t\t<p class=\"nd_elements_list_component_description\">This air-conditioned triple room is comprised of a flat-screen TV with streaming services, a private bathroom as well as a patio. The unit has 2 beds.<\/p>\n\t<\/div>\n\t\n\t\t\t\n\t\t<div class=\"nd_elements_float_left nd_elements_margin_top_20_iphone nd_elements_text_align_right nd_elements_text_align_left_iphone nd_elements_width_100_percentage_iphone_important\" style=\"width:15%\">\n\t\t\t<a href=\"https:\/\/rusticarooms.hr\/en\/rooms\/soba-broj-1-studio-deluxe\/\"><p class=\"nd_elements_list_component_cta\"><span>DETAILS<\/span><\/p><\/a>\n\t\t<\/div>\n\t\n\t\t\t\n\t\t<\/div>\n\n\t<\/div>\n\n<\/div>\t\t<\/div>\n\t\t\t\t<\/div>\n\t\t\t\t<div class=\"elementor-element elementor-element-334174b elementor-widget elementor-widget-list\" data-id=\"334174b\" data-element_type=\"widget\" data-widget_type=\"list.default\">\n\t\t\t\t<div class=\"elementor-widget-container\">\n\t\t\t\n<div class=\"nd_elements_section nd_elements_list_component\">\n\n\t<div class=\"nd_elements_section nd_elements_position_relative\">\n\n\t\t<img decoding=\"async\" class=\"nd_elements_position_absolute nd_elements_position_initial_iphone nd_elements_top_0 nd_elements_left_0 nd_elements_list_component_image\" src=\"https:\/\/rusticarooms.hr\/wp-content\/uploads\/2024\/03\/DSC05348-HDR-1.jpg\">\n\n\t\t<div class=\"nd_elements_section nd_elements_list_component_content nd_elements_padding_0_iphone_important\">\n\n\t\t\t\n\t<div class=\"nd_elements_float_left nd_elements_width_100_percentage_iphone_important\" style=\"width:85%\">\n\t\t<h4><span class=\"nd_elements_list_component_title\">ROOM 2 <h4> [DELUXE DOUBLE ROOM]<\/h4><\/span><\/h4>\n\t<\/div>\n\t\n\t\t\t\n\n\t\t\t<div style=\"height:10px\" class=\"nd_elements_section\"><\/div>\n\n\t\t\t\n\t<div class=\"nd_elements_float_left nd_elements_width_100_percentage_iphone_important\" style=\"width:85%\">\n\t\t<p class=\"nd_elements_list_component_description\">This air-conditioned twin\/double room includes a flat-screen TV with streaming services, a private bathroom as well as a patio. The unit offers 2 beds.<\/p>\n\t<\/div>\n\t\n\t\t\t\n\t\t<div class=\"nd_elements_float_left nd_elements_margin_top_20_iphone nd_elements_text_align_right nd_elements_text_align_left_iphone nd_elements_width_100_percentage_iphone_important\" style=\"width:15%\">\n\t\t\t<a href=\"https:\/\/rusticarooms.hr\/en\/rooms\/soba-broj-2-dvokrevetna-deluxe\/\"><p class=\"nd_elements_list_component_cta\"><span>DETAILS<\/span><\/p><\/a>\n\t\t<\/div>\n\t\n\t\t\t\n\t\t<\/div>\n\n\t<\/div>\n\n<\/div>\t\t<\/div>\n\t\t\t\t<\/div>\n\t\t\t\t<div class=\"elementor-element elementor-element-3dc9b15 elementor-widget elementor-widget-list\" data-id=\"3dc9b15\" data-element_type=\"widget\" data-widget_type=\"list.default\">\n\t\t\t\t<div class=\"elementor-widget-container\">\n\t\t\t\n<div class=\"nd_elements_section nd_elements_list_component\">\n\n\t<div class=\"nd_elements_section nd_elements_position_relative\">\n\n\t\t<img decoding=\"async\" class=\"nd_elements_position_absolute nd_elements_position_initial_iphone nd_elements_top_0 nd_elements_left_0 nd_elements_list_component_image\" src=\"https:\/\/rusticarooms.hr\/wp-content\/uploads\/2024\/03\/DSC05367-HDR-ova.jpg\">\n\n\t\t<div class=\"nd_elements_section nd_elements_list_component_content nd_elements_padding_0_iphone_important\">\n\n\t\t\t\n\t<div class=\"nd_elements_float_left nd_elements_width_100_percentage_iphone_important\" style=\"width:85%\">\n\t\t<h4><span class=\"nd_elements_list_component_title\">ROOM 3 <h4> [STUDIO EXECUTIVE]<h4><\/span><\/h4>\n\t<\/div>\n\t\n\t\t\t\n\n\t\t\t<div style=\"height:10px\" class=\"nd_elements_section\"><\/div>\n\n\t\t\t\n\t<div class=\"nd_elements_float_left nd_elements_width_100_percentage_iphone_important\" style=\"width:85%\">\n\t\t<p class=\"nd_elements_list_component_description\">This suite features 1 living room, 1 separate bedroom and 2 bathrooms with a shower and free toiletries. The air-conditioned suite features a flat-screen TV with streaming services, a wardrobe, a safe deposit box, an electric kettle as well as an inner courtyard view. The unit has 5 beds.<\/p>\n\t<\/div>\n\t\n\t\t\t\n\t\t<div class=\"nd_elements_float_left nd_elements_margin_top_20_iphone nd_elements_text_align_right nd_elements_text_align_left_iphone nd_elements_width_100_percentage_iphone_important\" style=\"width:15%\">\n\t\t\t<a href=\"https:\/\/rusticarooms.hr\/en\/rooms\/soba-broj-3-studio-executive\/\"><p class=\"nd_elements_list_component_cta\"><span>DETAILS<\/span><\/p><\/a>\n\t\t<\/div>\n\t\n\t\t\t\n\t\t<\/div>\n\n\t<\/div>\n\n<\/div>\t\t<\/div>\n\t\t\t\t<\/div>\n\t\t\t\t\t<\/div>\n\t\t<\/div>\n\t\t\t\t\t<\/div>\n\t\t<\/section>\n\t\t\t\t<section class=\"elementor-section elementor-top-section elementor-element elementor-element-ebf19c3 elementor-section-stretched elementor-section-boxed elementor-section-height-default elementor-section-height-default\" data-id=\"ebf19c3\" data-element_type=\"section\" data-settings=\"{&quot;stretch_section&quot;:&quot;section-stretched&quot;,&quot;background_background&quot;:&quot;classic&quot;}\">\n\t\t\t\t\t\t\t<div class=\"elementor-background-overlay\"><\/div>\n\t\t\t\t\t\t\t<div class=\"elementor-container elementor-column-gap-default\">\n\t\t\t\t\t<div class=\"elementor-column elementor-col-100 elementor-top-column elementor-element elementor-element-f35321b\" data-id=\"f35321b\" data-element_type=\"column\">\n\t\t\t<div class=\"elementor-widget-wrap elementor-element-populated\">\n\t\t\t\t\t\t<div class=\"elementor-element elementor-element-a341577 elementor-widget elementor-widget-list\" data-id=\"a341577\" data-element_type=\"widget\" data-widget_type=\"list.default\">\n\t\t\t\t<div class=\"elementor-widget-container\">\n\t\t\t\n<div class=\"nd_elements_section nd_elements_list_component\">\n\n\t<div class=\"nd_elements_section nd_elements_position_relative\">\n\n\t\t<img decoding=\"async\" class=\"nd_elements_position_absolute nd_elements_position_initial_iphone nd_elements_top_0 nd_elements_left_0 nd_elements_list_component_image\" src=\"https:\/\/rusticarooms.hr\/wp-content\/uploads\/2023\/12\/DSC05406-HDR.jpg\">\n\n\t\t<div class=\"nd_elements_section nd_elements_list_component_content nd_elements_padding_0_iphone_important\">\n\n\t\t\t\n\t<div class=\"nd_elements_float_left nd_elements_width_100_percentage_iphone_important\" style=\"width:85%\">\n\t\t<h4><span class=\"nd_elements_list_component_title\">ROOM 4 <h4> [DELUXE QUEEN ROOM]<\/h4><\/span><\/h4>\n\t<\/div>\n\t\n\t\t\t\n\n\t\t\t<div style=\"height:10px\" class=\"nd_elements_section\"><\/div>\n\n\t\t\t\n\t<div class=\"nd_elements_float_left nd_elements_width_100_percentage_iphone_important\" style=\"width:85%\">\n\t\t<p class=\"nd_elements_list_component_description\">This air-conditioned quadruple room is comprised of a flat-screen TV with streaming services, a private bathroom as well as a balcony with an inner courtyard view. The unit has 3 beds.<\/p>\n\t<\/div>\n\t\n\t\t\t\n\t\t<div class=\"nd_elements_float_left nd_elements_margin_top_20_iphone nd_elements_text_align_right nd_elements_text_align_left_iphone nd_elements_width_100_percentage_iphone_important\" style=\"width:15%\">\n\t\t\t<a href=\"https:\/\/rusticarooms.hr\/en\/rooms\/soba-broj-4-deluxe-queen-soba\/\"><p class=\"nd_elements_list_component_cta\"><span>DETAILS<\/span><\/p><\/a>\n\t\t<\/div>\n\t\n\t\t\t\n\t\t<\/div>\n\n\t<\/div>\n\n<\/div>\t\t<\/div>\n\t\t\t\t<\/div>\n\t\t\t\t<div class=\"elementor-element elementor-element-9e4ecb9 elementor-widget elementor-widget-list\" data-id=\"9e4ecb9\" data-element_type=\"widget\" data-widget_type=\"list.default\">\n\t\t\t\t<div class=\"elementor-widget-container\">\n\t\t\t\n<div class=\"nd_elements_section nd_elements_list_component\">\n\n\t<div class=\"nd_elements_section nd_elements_position_relative\">\n\n\t\t<img decoding=\"async\" class=\"nd_elements_position_absolute nd_elements_position_initial_iphone nd_elements_top_0 nd_elements_left_0 nd_elements_list_component_image\" src=\"https:\/\/rusticarooms.hr\/wp-content\/uploads\/2024\/03\/DSC05426-HDR.jpg\">\n\n\t\t<div class=\"nd_elements_section nd_elements_list_component_content nd_elements_padding_0_iphone_important\">\n\n\t\t\t\n\t<div class=\"nd_elements_float_left nd_elements_width_100_percentage_iphone_important\" style=\"width:85%\">\n\t\t<h4><span class=\"nd_elements_list_component_title\">ROOM 5 <h4> [DELUXE DOUBLE ROOM]<\/h4><\/span><\/h4>\n\t<\/div>\n\t\n\t\t\t\n\n\t\t\t<div style=\"height:10px\" class=\"nd_elements_section\"><\/div>\n\n\t\t\t\n\t<div class=\"nd_elements_float_left nd_elements_width_100_percentage_iphone_important\" style=\"width:85%\">\n\t\t<p class=\"nd_elements_list_component_description\">This air-conditioned double room is comprised of a flat-screen TV with streaming services, a private bathroom as well as a patio. The unit has 1 bed.<\/p>\n\t<\/div>\n\t\n\t\t\t\n\t\t<div class=\"nd_elements_float_left nd_elements_margin_top_20_iphone nd_elements_text_align_right nd_elements_text_align_left_iphone nd_elements_width_100_percentage_iphone_important\" style=\"width:15%\">\n\t\t\t<a href=\"https:\/\/rusticarooms.hr\/en\/rooms\/soba-broj-5-dvokrevetna-deluxe\/\"><p class=\"nd_elements_list_component_cta\"><span>DETAILS<\/span><\/p><\/a>\n\t\t<\/div>\n\t\n\t\t\t\n\t\t<\/div>\n\n\t<\/div>\n\n<\/div>\t\t<\/div>\n\t\t\t\t<\/div>\n\t\t\t\t<div class=\"elementor-element elementor-element-3310ba1 elementor-widget elementor-widget-list\" data-id=\"3310ba1\" data-element_type=\"widget\" data-widget_type=\"list.default\">\n\t\t\t\t<div class=\"elementor-widget-container\">\n\t\t\t\n<div class=\"nd_elements_section nd_elements_list_component\">\n\n\t<div class=\"nd_elements_section nd_elements_position_relative\">\n\n\t\t<img decoding=\"async\" class=\"nd_elements_position_absolute nd_elements_position_initial_iphone nd_elements_top_0 nd_elements_left_0 nd_elements_list_component_image\" src=\"https:\/\/rusticarooms.hr\/wp-content\/uploads\/2024\/03\/DSC05444-HDR.jpg\">\n\n\t\t<div class=\"nd_elements_section nd_elements_list_component_content nd_elements_padding_0_iphone_important\">\n\n\t\t\t\n\t<div class=\"nd_elements_float_left nd_elements_width_100_percentage_iphone_important\" style=\"width:85%\">\n\t\t<h4><span class=\"nd_elements_list_component_title\">ROOM 6 <h4>[TROKREVETNA DELUXE<h4><\/span><\/h4>\n\t<\/div>\n\t\n\t\t\t\n\n\t\t\t<div style=\"height:10px\" class=\"nd_elements_section\"><\/div>\n\n\t\t\t\n\t<div class=\"nd_elements_float_left nd_elements_width_100_percentage_iphone_important\" style=\"width:85%\">\n\t\t<p class=\"nd_elements_list_component_description\">This suite comes with 1 living room, 1 separate bedroom and 1 bathroom with a shower and free toiletries. The air-conditioned suite features a flat-screen TV with streaming services, a wardrobe, a safe deposit box, an electric kettle as well as an inner courtyard view. The unit has 4 beds.<\/p>\n\t<\/div>\n\t\n\t\t\t\n\t\t<div class=\"nd_elements_float_left nd_elements_margin_top_20_iphone nd_elements_text_align_right nd_elements_text_align_left_iphone nd_elements_width_100_percentage_iphone_important\" style=\"width:15%\">\n\t\t\t<a href=\"https:\/\/rusticarooms.hr\/en\/rooms\/soba-broj-6-trokrevetna-deluxe\/\"><p class=\"nd_elements_list_component_cta\"><span>DETAILS <\/span><\/p><\/a>\n\t\t<\/div>\n\t\n\t\t\t\n\t\t<\/div>\n\n\t<\/div>\n\n<\/div>\t\t<\/div>\n\t\t\t\t<\/div>\n\t\t\t\t\t<\/div>\n\t\t<\/div>\n\t\t\t\t\t<\/div>\n\t\t<\/section>\n\t\t\t\t<\/div>","protected":false},"excerpt":{"rendered":"<p>Rustica Rooms SOBA BROJ 1 [STUDIO DELUXE] Ova klimatizirana trokrevetna soba uklju\u010duje TV ravnog ekrana s uslugama streaminga, vlastitu kupaonicu i poplo\u010dani dio dvori\u0161ta. Jedinica ima 2 kreveta. DETALJI SOBA BROJ 2 [DVOKREVETNA DELUXE] Ova klimatizirana soba s bra\u010dnim krevetom\/2 odvojena kreveta uklju\u010duje TV ravnog ekrana s uslugama streaminga, vlastitu kupaonicu i poplo\u010dani dio dvori\u0161ta. [&hellip;]<\/p>","protected":false},"author":1,"featured_media":0,"parent":0,"menu_order":0,"comment_status":"closed","ping_status":"closed","template":"","meta":{"om_disable_all_campaigns":false,"_monsterinsights_skip_tracking":false,"_monsterinsights_sitenote_active":false,"_monsterinsights_sitenote_note":"","_monsterinsights_sitenote_category":0,"footnotes":""},"class_list":["post-7560","page","type-page","status-publish","hentry"],"aioseo_notices":[],"_links":{"self":[{"href":"https:\/\/rusticarooms.hr\/en\/wp-json\/wp\/v2\/pages\/7560","targetHints":{"allow":["GET"]}}],"collection":[{"href":"https:\/\/rusticarooms.hr\/en\/wp-json\/wp\/v2\/pages"}],"about":[{"href":"https:\/\/rusticarooms.hr\/en\/wp-json\/wp\/v2\/types\/page"}],"author":[{"embeddable":true,"href":"https:\/\/rusticarooms.hr\/en\/wp-json\/wp\/v2\/users\/1"}],"replies":[{"embeddable":true,"href":"https:\/\/rusticarooms.hr\/en\/wp-json\/wp\/v2\/comments?post=7560"}],"version-history":[{"count":10,"href":"https:\/\/rusticarooms.hr\/en\/wp-json\/wp\/v2\/pages\/7560\/revisions"}],"predecessor-version":[{"id":8125,"href":"https:\/\/rusticarooms.hr\/en\/wp-json\/wp\/v2\/pages\/7560\/revisions\/8125"}],"wp:attachment":[{"href":"https:\/\/rusticarooms.hr\/en\/wp-json\/wp\/v2\/media?parent=7560"}],"curies":[{"name":"wp","href":"https:\/\/api.w.org\/{rel}","templated":true}]}}